{"id":869,"date":"2021-01-04T19:55:24","date_gmt":"2021-01-04T18:55:24","guid":{"rendered":"https:\/\/masaz-energiazycia.pl\/?page_id=869"},"modified":"2021-01-04T20:05:28","modified_gmt":"2021-01-04T19:05:28","slug":"kobido","status":"publish","type":"page","link":"https:\/\/masaz-energiazycia.pl\/index.php\/kobido\/","title":{"rendered":"KOBIDO"},"content":{"rendered":"<p>[et_pb_section fb_built=&#8221;1&#8243; _builder_version=&#8221;3.22&#8243;][et_pb_row _builder_version=&#8221;3.25&#8243; locked=&#8221;off&#8221;][et_pb_column type=&#8221;4_4&#8243; _builder_version=&#8221;3.25&#8243; custom_padding=&#8221;|||&#8221; custom_padding__hover=&#8221;|||&#8221;][et_pb_text _builder_version=&#8221;4.7.7&#8243; text_font_size=&#8221;18px&#8221; text_line_height=&#8221;2em&#8221; header_font=&#8221;Montserrat|300|||||||&#8221; header_font_size=&#8221;50px&#8221; header_line_height=&#8221;1.4em&#8221; text_orientation=&#8221;center&#8221; max_width=&#8221;700px&#8221; module_alignment=&#8221;center&#8221; hover_enabled=&#8221;0&#8243; header_font_size_tablet=&#8221;40px&#8221; header_font_size_phone=&#8221;32px&#8221; header_font_size_last_edited=&#8221;on|desktop&#8221; saved_tabs=&#8221;all&#8221; sticky_enabled=&#8221;0&#8243;]<\/p>\n<h1>KOBIDO<\/h1>\n<p>Masa\u017c KOBIDO to japo\u0144ski masa\u017c twarzy, kt\u00f3ry jest doskona\u0142\u0105 alternatyw\u0105 dla zabieg\u00f3w medycyny estetycznej. Jego celem jest usuni\u0119cie wszelkich napi\u0119\u0107, kt\u00f3re maj\u0105 tendencj\u0119 do zamro\u017cenia mi\u0119\u015bni i ich funkcji.<\/p>\n<p>[\/et_pb_text][\/et_pb_column][\/et_pb_row][et_pb_row column_structure=&#8221;1_3,2_3&#8243; use_custom_gutter=&#8221;on&#8221; gutter_width=&#8221;2&#8243; _builder_version=&#8221;3.25&#8243; hover_enabled=&#8221;0&#8243; sticky_enabled=&#8221;0&#8243;][et_pb_column type=&#8221;1_3&#8243; _builder_version=&#8221;3.25&#8243; custom_padding=&#8221;|||&#8221; custom_padding__hover=&#8221;|||&#8221;][et_pb_image src=&#8221;https:\/\/masaz-energiazycia.pl\/wp-content\/uploads\/2021\/01\/kobido-1.jpg&#8221; align_tablet=&#8221;center&#8221; align_phone=&#8221;&#8221; align_last_edited=&#8221;on|desktop&#8221; _builder_version=&#8221;4.7.7&#8243; custom_margin=&#8221;25px|||&#8221; hover_enabled=&#8221;0&#8243; border_radii=&#8221;on|25px|25px|25px|25px&#8221; title_text=&#8221;kobido&#8221; sticky_enabled=&#8221;0&#8243;][\/et_pb_image][\/et_pb_column][et_pb_column type=&#8221;2_3&#8243; _builder_version=&#8221;3.25&#8243; custom_padding=&#8221;|||&#8221; custom_padding__hover=&#8221;|||&#8221;][et_pb_text _builder_version=&#8221;4.7.7&#8243; header_font=&#8221;Montserrat||||||||&#8221; header_text_align=&#8221;left&#8221; header_line_height=&#8221;1.5em&#8221; header_2_font=&#8221;Montserrat||||||||&#8221; text_orientation=&#8221;justified&#8221; hover_enabled=&#8221;0&#8243; sticky_enabled=&#8221;0&#8243;]<\/p>\n<p>Poprzez swoj\u0105 z\u0142o\u017cono\u015b\u0107 i intensywno\u015b\u0107 technik, dzia\u0142aj\u0105cych na g\u0142\u0119bszych warstwach sk\u00f3ry i mi\u0119\u015bni uaktywnia nerwy, a tym samym zwi\u0119ksza przep\u0142yw Qi (energia) na twarzy, co prowadzi do naturalnego efektu liftingu.<\/p>\n<p>Jest ca\u0142kowicie naturaln\u0105 i nieinwazyjn\u0105 alternatyw\u0105 dla wszystkich, kt\u00f3rzy boj\u0105 si\u0119 igie\u0142, nie mog\u0105, b\u0105d\u017a nie chc\u0105 podda\u0107 si\u0119 chirurgicznemu liftingowi twarzy. Jest niezwykle relaksuj\u0105cy i odpr\u0119\u017caj\u0105cy.<\/p>\n<p>Masa\u017c Kobido znany jest jako &#8222;Niechirurgiczny Lifting Twarzy&#8221;.<\/p>\n<p>Je\u015bli na swojej twarzy widzisz objawy stresu, zm\u0119czenia i napi\u0119cia, dostrzegasz oznaki starzenia si\u0119 sk\u00f3ry takie jak zmarszczki, opadaj\u0105cy owal twarzy, brak j\u0119drno\u015bci i elastyczno\u015bci sk\u00f3ry, zastoje wodne lub limfatyczne twarzy \u2013 Zapraszam.<\/p>\n<p>[\/et_pb_text][\/et_pb_column][\/et_pb_row][et_pb_row use_custom_gutter=&#8221;on&#8221; gutter_width=&#8221;2&#8243; _builder_version=&#8221;3.25&#8243;][et_pb_column type=&#8221;4_4&#8243; _builder_version=&#8221;3.25&#8243; custom_padding=&#8221;|||&#8221; custom_padding__hover=&#8221;|||&#8221;][et_pb_text _builder_version=&#8221;4.7.7&#8243; header_font=&#8221;Montserrat||||||||&#8221; header_text_align=&#8221;left&#8221; header_line_height=&#8221;1.5em&#8221; header_2_font=&#8221;Montserrat||||||||&#8221; text_orientation=&#8221;justified&#8221; hover_enabled=&#8221;0&#8243; sticky_enabled=&#8221;0&#8243;]<\/p>\n<p>Dzi\u0119ki technikom KOBIDO mo\u017cna naturalnie i z biegiem czasu:<\/p>\n<ul>\n<li>zniwelowa\u0107 napi\u0119cia mi\u0119\u015bniowe, kt\u00f3re powoduj\u0105 zmarszczki mimiczne<\/li>\n<li>zapobiec b\u0105d\u017a zmniejszy\u0107 efekty starzenia si\u0119 naszej sk\u00f3ry<\/li>\n<li>odzyska\u0107 m\u0142od\u0105 twarz poprzez g\u0142\u0119bok\u0105 prac\u0119 na strukturach mi\u0119\u015bni<\/li>\n<li>stymulowa\u0107 metabolizm kom\u00f3rkowy, co przyczyni si\u0119 do szybszej regeneracji sk\u00f3ry<\/li>\n<li>oczy\u015bci\u0107 sk\u00f3r\u0119 usuwaj\u0105c toksyny, zanieczyszczenia i martwe kom\u00f3rki sk\u00f3ry dzi\u0119ki czemu dodamy jej naturalnego blasku<\/li>\n<li>zniwelowa\u0107 nadmierne napi\u0119cie w okolicach szyi, klatki piersiowej i owalu twarzy<\/li>\n<li>stymulowa\u0107 produkcj\u0119 sk\u0142adnik\u00f3w sk\u00f3ry \u2013 kolagen i elastyn\u0119<\/li>\n<\/ul>\n<p>Zdrowotne efekty masa\u017cu Kobido:<\/p>\n<ul>\n<li>reguluje bilans energetyczny ca\u0142ego cia\u0142a<\/li>\n<li>walczy ze stresem<\/li>\n<li>zapewnia pe\u0142ny relaks i odpr\u0119\u017cenie<\/li>\n<li>zmniejsza efekty bruksizmu<\/li>\n<li>\u0142agodzi b\u00f3le g\u0142owy<\/li>\n<li>unika sztywno\u015bci twarzy<\/li>\n<li>zmniejsza problem z uk\u0142adem pokarmowym<\/li>\n<li>poprawia wzrok<\/li>\n<\/ul>\n<p>Wskazania:<\/p>\n<ul>\n<li>sk\u00f3ra wiotka, wymagaj\u0105ca uj\u0119drnienia, od\u017cywienia i liftingu<\/li>\n<li>opadaj\u0105cy owal twarzy, opadaj\u0105ca powieka<\/li>\n<li>zmarszczki<\/li>\n<li>napi\u0119cie mi\u0119\u015bni szyi, karku, klatki piersiowej, g\u0142owy i twarzy<\/li>\n<li>stres<\/li>\n<li>zastoje limfatyczne lub wodne<\/li>\n<\/ul>\n<p>Przeciwwskazania:<\/p>\n<ul>\n<li>gor\u0105czka<\/li>\n<li>stany zapalne sk\u00f3ry (alergiczne, wirusowe, bakteryjne, grzybicze)<\/li>\n<li>przerwanie ci\u0105g\u0142o\u015bci sk\u00f3ry<\/li>\n<li>cera naczynkowa<\/li>\n<li>nieleczone wysokie nadci\u015bnienie t\u0119tnicze<\/li>\n<li>zabiegi medycyny estetycznej (kwas hialuronowy ok.2-3 miesi\u0105ce, botox 2 tygodnie, nici liftinguj\u0105ce 6 miesi\u0119cy)<\/li>\n<li>ekstrakcja z\u0119ba 2 tygodnie, implant z\u0119ba 2 miesi\u0105ce<\/li>\n<\/ul>\n<p>Aby osi\u0105gn\u0105\u0107 jak najlepsze efekty najlepiej jest poddawa\u0107 si\u0119 masa\u017cowi Kobido SYSTEMATYCZNIE.<\/p>\n<ul>\n<li>w pierwszym miesi\u0105cu 2 razy w tygodniu<\/li>\n<li>w drugim miesi\u0105cu 1 raz w tygodniu<\/li>\n<li>w kolejnych miesi\u0105cach 1 raz na 3-4 tygodnie dla podtrzymania efektu.<\/li>\n<\/ul>\n<p>[\/et_pb_text][\/et_pb_column][\/et_pb_row][\/et_pb_section]<\/p>\n","protected":false},"excerpt":{"rendered":"<p>KOBIDO Masa\u017c KOBIDO to japo\u0144ski masa\u017c twarzy, kt\u00f3ry jest doskona\u0142\u0105 alternatyw\u0105 dla zabieg\u00f3w medycyny estetycznej. Jego celem jest usuni\u0119cie wszelkich napi\u0119\u0107, kt\u00f3re maj\u0105 tendencj\u0119 do zamro\u017cenia mi\u0119\u015bni i ich funkcji. Poprzez swoj\u0105 z\u0142o\u017cono\u015b\u0107 i intensywno\u015b\u0107 technik, dzia\u0142aj\u0105cych na g\u0142\u0119bszych warstwach sk\u00f3ry i mi\u0119\u015bni uaktywnia nerwy, a tym samym zwi\u0119ksza przep\u0142yw Qi (energia) na twarzy, co [&hellip;]<\/p>\n","protected":false},"author":1,"featured_media":0,"parent":0,"menu_order":0,"comment_status":"closed","ping_status":"closed","template":"","meta":{"_et_pb_use_builder":"on","_et_pb_old_content":"","_et_gb_content_width":""},"_links":{"self":[{"href":"https:\/\/masaz-energiazycia.pl\/index.php\/wp-json\/wp\/v2\/pages\/869"}],"collection":[{"href":"https:\/\/masaz-energiazycia.pl\/index.php\/wp-json\/wp\/v2\/pages"}],"about":[{"href":"https:\/\/masaz-energiazycia.pl\/index.php\/wp-json\/wp\/v2\/types\/page"}],"author":[{"embeddable":true,"href":"https:\/\/masaz-energiazycia.pl\/index.php\/wp-json\/wp\/v2\/users\/1"}],"replies":[{"embeddable":true,"href":"https:\/\/masaz-energiazycia.pl\/index.php\/wp-json\/wp\/v2\/comments?post=869"}],"version-history":[{"count":6,"href":"https:\/\/masaz-energiazycia.pl\/index.php\/wp-json\/wp\/v2\/pages\/869\/revisions"}],"predecessor-version":[{"id":879,"href":"https:\/\/masaz-energiazycia.pl\/index.php\/wp-json\/wp\/v2\/pages\/869\/revisions\/879"}],"wp:attachment":[{"href":"https:\/\/masaz-energiazycia.pl\/index.php\/wp-json\/wp\/v2\/media?parent=869"}],"curies":[{"name":"wp","href":"https:\/\/api.w.org\/{rel}","templated":true}]}}