{"id":520,"date":"2018-10-09T21:00:38","date_gmt":"2018-10-09T19:00:38","guid":{"rendered":"http:\/\/2018.masaz-energiazycia.pl\/?page_id=520"},"modified":"2018-10-10T21:41:34","modified_gmt":"2018-10-10T19:41:34","slug":"body-shaping-endermomasaz","status":"publish","type":"page","link":"https:\/\/masaz-energiazycia.pl\/index.php\/body-shaping-endermomasaz\/","title":{"rendered":"Body shaping &#8211; Endermomasa\u017c"},"content":{"rendered":"<p>[et_pb_section bb_built=&#8221;1&#8243; fullwidth=&#8221;off&#8221; specialty=&#8221;off&#8221;][et_pb_row _builder_version=&#8221;3.15&#8243; locked=&#8221;off&#8221;][et_pb_column type=&#8221;4_4&#8243;][et_pb_text _builder_version=&#8221;3.15&#8243; text_font_size=&#8221;18px&#8221; text_line_height=&#8221;2em&#8221; header_font=&#8221;Montserrat|300|||||||&#8221; header_font_size=&#8221;50px&#8221; header_font_size_tablet=&#8221;40px&#8221; header_font_size_phone=&#8221;32px&#8221; header_font_size_last_edited=&#8221;on|desktop&#8221; header_line_height=&#8221;1.4em&#8221; text_orientation=&#8221;center&#8221; max_width=&#8221;700px&#8221; module_alignment=&#8221;center&#8221; saved_tabs=&#8221;all&#8221;]<\/p>\n<h1>Body shaping \u2013 Endermomasa\u017c<\/h1>\n<p>Inaczej &#8211; lipomasa\u017c &#8211; to podci\u015bnieniowy masa\u017c cia\u0142a (b\u0105d\u017a jego wybranych partii) przy u\u017cyciu specjalnej g\u0142owicy wyposa\u017conej w obracaj\u0105ce si\u0119 rolki.<\/p>\n<p>[\/et_pb_text][\/et_pb_column][\/et_pb_row][et_pb_row _builder_version=&#8221;3.15&#8243; use_custom_gutter=&#8221;on&#8221; gutter_width=&#8221;2&#8243;][et_pb_column type=&#8221;1_3&#8243;][et_pb_image _builder_version=&#8221;3.15&#8243; src=&#8221;https:\/\/masaz-energiazycia.pl\/wp-content\/uploads\/2018\/10\/m-ez11.jpg&#8221; custom_margin=&#8221;25px|||&#8221; border_radii=&#8221;on|25px|25px|25px|25px&#8221; \/][\/et_pb_column][et_pb_column type=&#8221;2_3&#8243;][et_pb_text _builder_version=&#8221;3.15&#8243; header_font=&#8221;Montserrat||||||||&#8221; text_orientation=&#8221;justified&#8221; header_text_align=&#8221;left&#8221; header_line_height=&#8221;1.5em&#8221; header_2_font=&#8221;Montserrat||||||||&#8221;]<\/p>\n<p>Masowany fa\u0142d sk\u00f3ry jest uprzednio zassany przez podci\u015bnienie wytwarzane w specjalnej komorze, kt\u00f3ra posiada mo\u017cliwo\u015b\u0107 regulacji dzi\u0119ki czemu ssanie mo\u017ce by\u0107 ci\u0105g\u0142e lub pulsacyjne. Zabieg jest wykonywany w specjalnym kostiumie, kt\u00f3ry zwi\u0119ksza po\u015blizg rolek i nie dopuszcza do uszkodzenia sk\u00f3ry.<\/p>\n<p>W wyniku zabiegu nast\u0119puje likwidacja lub znaczne zmniejszenie cellulitu poprzez rozbicie kom\u00f3rek t\u0142uszczowych oraz w spos\u00f3b widoczny redukcja obwodu cia\u0142a. Masa\u017c wykonuje si\u0119 szczeg\u00f3lnie w miejscach obj\u0119tych cellulitem, najcz\u0119\u015bciej w okolicy ud, brzucha i po\u015bladk\u00f3w. Zabiegi s\u0105 ca\u0142kowicie nieinwazyjne i bezpieczne, wspomagaj\u0105 naturalne procesy zachodz\u0105ce w organizmie, a tak\u017ce stymuluj\u0105 wytwarzanie endorfin, czyli &#8222;hormon\u00f3w szcz\u0119\u015bcia&#8221;, przynosz\u0105c relaks i odpr\u0119\u017cenie. Zabieg ten prowadzi do zwi\u0119kszenia j\u0119drno\u015bci i elastyczno\u015bci sk\u00f3ry, a efekty wida\u0107 ju\u017c po pierwszym zabiegu: sk\u00f3ra jest widocznie zrewitalizowana, bardziej j\u0119drna i g\u0142adka.<\/p>\n<p>[\/et_pb_text][\/et_pb_column][\/et_pb_row][et_pb_row _builder_version=&#8221;3.15&#8243; use_custom_gutter=&#8221;on&#8221; gutter_width=&#8221;2&#8243;][et_pb_column type=&#8221;4_4&#8243;][et_pb_text _builder_version=&#8221;3.15&#8243; header_font=&#8221;Montserrat||||||||&#8221; text_orientation=&#8221;justified&#8221; header_text_align=&#8221;left&#8221; header_line_height=&#8221;1.5em&#8221; header_2_font=&#8221;Montserrat||||||||&#8221;]<\/p>\n<p>Po zako\u0144czeniu terapii zalecamy kontynuacj\u0119 zabieg\u00f3w raz w miesi\u0105cu, dla podtrzymania efekt\u00f3w. Dla pacjent\u00f3w o szczeg\u00f3lnie wra\u017cliwej sk\u00f3rze, stosujemy ni\u017csz\u0105 regulacj\u0119 podci\u015bnienia. Zalecamy tak\u017ce, by przynajmniej dwa dni przed zabiegiem oraz w trakcie kuracji spo\u017cywa\u0107 du\u017c\u0105 ilo\u015b\u0107 p\u0142yn\u00f3w, 1,5 &#8211; 2 litry dziennie, co wspomo\u017ce usuwanie toksyn z organizmu.<\/p>\n<p>Metoda ta zosta\u0142a opatentowana w 1986 roku przez Louisa Paula Guitay i spopularyzowana w dziedzinie medycyny estetycznej pod nazw\u0105 &#8222;endermologia&#8221;. Tw\u00f3rca tej metody poszukiwa\u0142 skutecznego sposobu oddzia\u0142ywania na blizny i zmiany w obr\u0119bie tkanki \u0142\u0105cznej. Badania dowiod\u0142y, \u017ce najskuteczniejszym sposobem jest wa\u0142kowanie i rolowanie sk\u00f3ry i tkanek pod ni\u0105 le\u017c\u0105cych. R\u0119czny masa\u017c jest bardzo mecz\u0105cy i wymaga d\u0142ugiego czasu zabiegu, dlatego te\u017c alternatyw\u0105 sta\u0142o si\u0119 skonstruowanie specjalistycznego aparatu, kt\u00f3ry \u0142\u0105czy w sobie masa\u017c mechaniczny z podci\u015bnieniem z jednoczesnym odci\u0105gni\u0119ciem faldy sk\u00f3ry (zassaniem) i rolowaniem ruchomymi rolkami.<\/p>\n<p><strong>Zabieg ten zosta\u0142 uznany za najlepszy w dziedzinie bezinwazyjnej redukcji cellulitu!<\/strong><\/p>\n<\/p>\n<h3>Wskazania do zabiegu:<\/h3>\n<ul>\n<li>cellulit,<\/li>\n<li>nadwaga, oty\u0142o\u015b\u0107, modelowanie sylwetki,<\/li>\n<li>rozst\u0119py, blizny,<\/li>\n<li>obrz\u0119ki, zastoje,<\/li>\n<li>przygotowanie do liposukcji,<\/li>\n<li>terapia &#8222;przeciw starzeniu si\u0119&#8221; (anti-aging).<\/li>\n<\/ul>\n<h3>Efekty:<\/h3>\n<ul>\n<li>zmniejszenie cellulit oraz obwodu cia\u0142a,<\/li>\n<li>uj\u0119drnienie cia\u0142a, wzmocnienie sk\u00f3ry,<\/li>\n<li>aktywizacja kr\u0105\u017cenia limfy,<\/li>\n<li>pobudzenie kr\u0105\u017cenia,<\/li>\n<li>poprawa metabolizmu, odprowadzenie nadmiaru wody i toksyn z organizmu,<\/li>\n<li>likwidacja obrz\u0119k\u00f3w, zastoj\u00f3w,<\/li>\n<li>aktywizacja proces\u00f3w op\u00f3\u017aniaj\u0105cych starzenie,<\/li>\n<li>napi\u0119cie, wzrost elastyczno\u015bci sk\u00f3ry,<\/li>\n<li>zmniejszenie blizn i rozst\u0119p\u00f3w.<\/li>\n<\/ul>\n<h3>Przeciwwskazania do zabiegu:<\/h3>\n<ul>\n<li>ci\u0105\u017ca,<\/li>\n<li>choroba nowotworowa,<\/li>\n<li>stany zapalne i choroby sk\u00f3ry,<\/li>\n<li>uszkodzenia mechaniczne sk\u00f3ry,<\/li>\n<li>sk\u0142onno\u015b\u0107 do krwawie\u0144,<\/li>\n<li>\u017cylaki, niewydolno\u015b\u0107 kr\u0105\u017cenia,<\/li>\n<li>niewyr\u00f3wnane nadci\u015bnienie,<\/li>\n<li>gor\u0105czka, os\u0142abienie i wyniszczenie organizmu,<\/li>\n<li>choroby uk\u0142adu kr\u0105\u017cenia i oddechowego.<\/li>\n<\/ul>\n<p>[\/et_pb_text][\/et_pb_column][\/et_pb_row][\/et_pb_section]<\/p>\n","protected":false},"excerpt":{"rendered":"<p>Body shaping \u2013 Endermomasa\u017c Inaczej &#8211; lipomasa\u017c &#8211; to podci\u015bnieniowy masa\u017c cia\u0142a (b\u0105d\u017a jego wybranych partii) przy u\u017cyciu specjalnej g\u0142owicy wyposa\u017conej w obracaj\u0105ce si\u0119 rolki. Masowany fa\u0142d sk\u00f3ry jest uprzednio zassany przez podci\u015bnienie wytwarzane w specjalnej komorze, kt\u00f3ra posiada mo\u017cliwo\u015b\u0107 regulacji dzi\u0119ki czemu ssanie mo\u017ce by\u0107 ci\u0105g\u0142e lub pulsacyjne. Zabieg jest wykonywany w specjalnym kostiumie, [&hellip;]<\/p>\n","protected":false},"author":1,"featured_media":0,"parent":0,"menu_order":0,"comment_status":"closed","ping_status":"closed","template":"","meta":{"_et_pb_use_builder":"on","_et_pb_old_content":"","_et_gb_content_width":""},"_links":{"self":[{"href":"https:\/\/masaz-energiazycia.pl\/index.php\/wp-json\/wp\/v2\/pages\/520"}],"collection":[{"href":"https:\/\/masaz-energiazycia.pl\/index.php\/wp-json\/wp\/v2\/pages"}],"about":[{"href":"https:\/\/masaz-energiazycia.pl\/index.php\/wp-json\/wp\/v2\/types\/page"}],"author":[{"embeddable":true,"href":"https:\/\/masaz-energiazycia.pl\/index.php\/wp-json\/wp\/v2\/users\/1"}],"replies":[{"embeddable":true,"href":"https:\/\/masaz-energiazycia.pl\/index.php\/wp-json\/wp\/v2\/comments?post=520"}],"version-history":[{"count":7,"href":"https:\/\/masaz-energiazycia.pl\/index.php\/wp-json\/wp\/v2\/pages\/520\/revisions"}],"predecessor-version":[{"id":811,"href":"https:\/\/masaz-energiazycia.pl\/index.php\/wp-json\/wp\/v2\/pages\/520\/revisions\/811"}],"wp:attachment":[{"href":"https:\/\/masaz-energiazycia.pl\/index.php\/wp-json\/wp\/v2\/media?parent=520"}],"curies":[{"name":"wp","href":"https:\/\/api.w.org\/{rel}","templated":true}]}}