{"id":484,"date":"2018-10-09T12:48:07","date_gmt":"2018-10-09T10:48:07","guid":{"rendered":"http:\/\/2018.masaz-energiazycia.pl\/?page_id=484"},"modified":"2018-10-10T15:49:26","modified_gmt":"2018-10-10T13:49:26","slug":"zaproszenie-na-masaz","status":"publish","type":"page","link":"https:\/\/masaz-energiazycia.pl\/index.php\/zaproszenie-na-masaz\/","title":{"rendered":"Zaproszenie na masa\u017c"},"content":{"rendered":"<p>[et_pb_section bb_built=&#8221;1&#8243; fullwidth=&#8221;off&#8221; specialty=&#8221;off&#8221;][et_pb_row _builder_version=&#8221;3.15&#8243; locked=&#8221;off&#8221;][et_pb_column type=&#8221;4_4&#8243;][et_pb_text _builder_version=&#8221;3.15&#8243; text_font_size=&#8221;18px&#8221; text_line_height=&#8221;2em&#8221; header_font=&#8221;Montserrat|300|||||||&#8221; header_font_size=&#8221;50px&#8221; header_font_size_tablet=&#8221;40px&#8221; header_font_size_phone=&#8221;32px&#8221; header_font_size_last_edited=&#8221;on|desktop&#8221; header_line_height=&#8221;1.4em&#8221; text_orientation=&#8221;center&#8221; max_width=&#8221;700px&#8221; module_alignment=&#8221;center&#8221; saved_tabs=&#8221;all&#8221;]<\/p>\n<h1>Zaproszenie na masa\u017c<\/h1>\n<p>Zr\u00f3b prezent swoim bliskim! Wyj\u0105tkowe osoby zas\u0142uguj\u0105 na wyj\u0105tkowe prezenty!<\/p>\n<p>[\/et_pb_text][\/et_pb_column][\/et_pb_row][et_pb_row _builder_version=&#8221;3.15&#8243; use_custom_gutter=&#8221;on&#8221; gutter_width=&#8221;2&#8243;][et_pb_column type=&#8221;1_3&#8243;][et_pb_image _builder_version=&#8221;3.15&#8243; src=&#8221;https:\/\/masaz-energiazycia.pl\/wp-content\/uploads\/2018\/10\/m-ez15.jpg&#8221; custom_padding=&#8221;25px|||&#8221; border_radii=&#8221;on|25px|25px|25px|25px&#8221; \/][\/et_pb_column][et_pb_column type=&#8221;2_3&#8243;][et_pb_text _builder_version=&#8221;3.15&#8243; header_font=&#8221;Montserrat||||||||&#8221; text_orientation=&#8221;justified&#8221; header_text_align=&#8221;left&#8221; header_line_height=&#8221;1.5em&#8221; header_2_font=&#8221;Montserrat||||||||&#8221;]<\/p>\n<p>Zbli\u017ca si\u0119 \u015bwi\u0119to, imieniny, urodziny czy uroczysto\u015b\u0107 i szukasz nietypowego i oryginalnego prezentu? A mo\u017ce chcesz komu\u015b podzi\u0119kowa\u0107, przeprosi\u0107 lub naprawd\u0119 pozytywnie zaskoczy\u0107?<\/p>\n<p><strong>W\u0142a\u015bnie masz przed sob\u0105 idealne rozwi\u0105zanie!<\/strong><\/p>\n<p>By\u0107 mo\u017ce bliska Ci osoba narzeka na b\u00f3l kr\u0119gos\u0142upa, plec\u00f3w, czy po prostu potrzebuje relaksu i odpr\u0119\u017cenia. Masa\u017c okazjonalny to idealny i oryginalny prezent na ka\u017cd\u0105 okazj\u0119. To prezent, kt\u00f3rym na pewno zaskoczysz obdarowanego, kt\u00f3ry z pewno\u015bci\u0105 b\u0119dzie inny, jedyny i niepowtarzalny. Dzi\u0119ki niemu wyr\u00f3\u017cnisz si\u0119 spo\u015br\u00f3d pozosta\u0142ych obdarowuj\u0105cych, a osoba kt\u00f3rej podarujesz taki masa\u017c jeszcze d\u0142ugo go nie zapomni i zawsze b\u0119dzie mile wspomina\u0107 zar\u00f3wno Ciebie jak i Tw\u00f3j prezent.<\/p>\n<p>Kupuj\u0105c masa\u017c na prezent otrzymasz eleganckie imienne zaproszenie, kt\u00f3re b\u0119dziesz m\u00f3g\u0142 wr\u0119czy\u0107 wybranej osobie.<\/p>\n<p>[\/et_pb_text][\/et_pb_column][\/et_pb_row][\/et_pb_section]<\/p>\n","protected":false},"excerpt":{"rendered":"<p>Zaproszenie na masa\u017c Zr\u00f3b prezent swoim bliskim! Wyj\u0105tkowe osoby zas\u0142uguj\u0105 na wyj\u0105tkowe prezenty! Zbli\u017ca si\u0119 \u015bwi\u0119to, imieniny, urodziny czy uroczysto\u015b\u0107 i szukasz nietypowego i oryginalnego prezentu? A mo\u017ce chcesz komu\u015b podzi\u0119kowa\u0107, przeprosi\u0107 lub naprawd\u0119 pozytywnie zaskoczy\u0107? W\u0142a\u015bnie masz przed sob\u0105 idealne rozwi\u0105zanie! By\u0107 mo\u017ce bliska Ci osoba narzeka na b\u00f3l kr\u0119gos\u0142upa, plec\u00f3w, czy po prostu [&hellip;]<\/p>\n","protected":false},"author":1,"featured_media":0,"parent":0,"menu_order":0,"comment_status":"closed","ping_status":"closed","template":"","meta":{"_et_pb_use_builder":"on","_et_pb_old_content":"","_et_gb_content_width":""},"_links":{"self":[{"href":"https:\/\/masaz-energiazycia.pl\/index.php\/wp-json\/wp\/v2\/pages\/484"}],"collection":[{"href":"https:\/\/masaz-energiazycia.pl\/index.php\/wp-json\/wp\/v2\/pages"}],"about":[{"href":"https:\/\/masaz-energiazycia.pl\/index.php\/wp-json\/wp\/v2\/types\/page"}],"author":[{"embeddable":true,"href":"https:\/\/masaz-energiazycia.pl\/index.php\/wp-json\/wp\/v2\/users\/1"}],"replies":[{"embeddable":true,"href":"https:\/\/masaz-energiazycia.pl\/index.php\/wp-json\/wp\/v2\/comments?post=484"}],"version-history":[{"count":6,"href":"https:\/\/masaz-energiazycia.pl\/index.php\/wp-json\/wp\/v2\/pages\/484\/revisions"}],"predecessor-version":[{"id":632,"href":"https:\/\/masaz-energiazycia.pl\/index.php\/wp-json\/wp\/v2\/pages\/484\/revisions\/632"}],"wp:attachment":[{"href":"https:\/\/masaz-energiazycia.pl\/index.php\/wp-json\/wp\/v2\/media?parent=484"}],"curies":[{"name":"wp","href":"https:\/\/api.w.org\/{rel}","templated":true}]}}