{"id":3,"date":"2018-09-20T13:58:56","date_gmt":"2018-09-20T11:58:56","guid":{"rendered":"http:\/\/2018.masaz-energiazycia.pl\/?page_id=3"},"modified":"2018-10-04T10:16:36","modified_gmt":"2018-10-04T08:16:36","slug":"polityka-prywatnosci","status":"publish","type":"page","link":"https:\/\/masaz-energiazycia.pl\/index.php\/polityka-prywatnosci\/","title":{"rendered":"Polityka prywatno\u015bci"},"content":{"rendered":"<h5 style=\"text-align:center\">Polityka Cookies<\/h5>\n<p>Poni\u017csza Polityka Cookies okre\u015bla zasady zapisywania i uzyskiwania dost\u0119pu do danych na Urz\u0105dzeniach U\u017cytkownik\u00f3w korzystaj\u0105cych z Serwisu do cel\u00f3w \u015bwiadczenia us\u0142ug drog\u0105 elektroniczn\u0105 przez Administratora Serwisu.<\/p>\n<h6 style=\"text-align:center\">\u00a7 1 Definicje<\/h6>\n<ul>\n<li>\n<p><strong>Serwis<\/strong> &#8211; serwis internetowy dzia\u0142aj\u0105cy pod adresem <span id=\"serwis\"><span class=\"colored\">masaz-energiazycia.pl<\/span><\/span><\/p>\n<\/li>\n<li>\n<p><strong>Serwis zewn\u0119trzny<\/strong> &#8211; serwis internetowe partner\u00f3w, us\u0142ugodawc\u00f3w lub us\u0142ugobiorc\u00f3w Administratora<\/p>\n<\/li>\n<li>\n<p><strong>Administrator<\/strong> &#8211; firma <span id=\"firma\"><span class=\"colored\">GABINET MASA\u017bU Karolina Andrzejewska<\/span>, prowadz\u0105ca dzia\u0142alno\u015b\u0107 pod adresem: <span class=\"colored\">64-920 Pi\u0142a, ul. Bydgoska 31B<\/span>, o nadanym numerze identyfikacji podatkowej (NIP): <span class=\"colored\">7641746091<\/span>, o nadanym numerze REGON: <span class=\"colored\">301582816<\/span><\/span>, \u015bwiadcz\u0105ca us\u0142ugi drog\u0105 elektroniczn\u0105 za po\u015brednictwem Serwisu oraz przechowuj\u0105ca i uzyskuj\u0105ca dost\u0119p do informacji w urz\u0105dzeniach U\u017cytkownika<\/p>\n<\/li>\n<li>\n<p><strong>U\u017cytkownik<\/strong> &#8211; osba fizyczna, dla kt\u00f3rej Administrator \u015bwiadczy us\u0142ugi drog\u0105 elektroniczna za po\u015brednictwem Serwisu.<\/p>\n<\/li>\n<li>\n<p><strong>Urz\u0105dzenie<\/strong> &#8211; elektroniczne urz\u0105dzenie wraz z oprogramowaniem, za po\u015brednictwem, kt\u00f3rego U\u017cytkownik uzyskuje dost\u0119p do Serwisu<\/p>\n<\/li>\n<li>\n<p><strong>Cookies (ciasteczka)<\/strong> &#8211; dane tekstowe gromadzone w formie plik\u00f3w zamieszczanych na Urz\u0105dzeniu U\u017cytkownika<\/p>\n<\/li>\n<\/ul>\n<h6 style=\"text-align:center\">\u00a7 2 Rodzaje Cookies<\/h6>\n<ul>\n<li>\n<p><strong>Cookies wewn\u0119trzne<\/strong> &#8211; pliki zamieszczane i odczytywane z Urz\u0105dzenia U\u017cytkownika przes system teleinformatyczny Serwisu<\/p>\n<\/li>\n<li>\n<p><strong>Cookies zewn\u0119trzne<\/strong> &#8211; pliki zamieszczane i odczytywane z Urz\u0105dzenia U\u017cytkownika przez systemy teleinformatyczne Serwis\u00f3w zewn\u0119trznych<\/p>\n<\/li>\n<li>\n<p><strong>Cookies sesyjne<\/strong> &#8211; pliki zamieszczane i odczytywane z Urz\u0105dzenia U\u017cytkownika przez Serwis <span id=\"sz1\" style=\"display: inline;\">lub Serwisy zewn\u0119trzne<\/span> podczas jednej sesji danego Urz\u0105dzenia. Po zako\u0144czeniu sesji pliki s\u0105 usuwane z Urz\u0105dzenia U\u017cytkownika.<\/p>\n<\/li>\n<li>\n<p><strong>Cookies trwa\u0142e<\/strong> &#8211; pliki zamieszczane i odczytywane z Urz\u0105dzenia U\u017cytkownika przez Serwis <span id=\"sz2\" style=\"display: inline;\">lub Serwisy zewn\u0119trzne<\/span> do momentu ich r\u0119cznego usuni\u0119cia. Pliki nie s\u0105 usuwane automatycznie po zako\u0144czeniu sesji Urz\u0105dzenia chyba \u017ce konfiguracja Urz\u0105dzenia U\u017cytkownika jest ustawiona na tryb usuwanie plik\u00f3w Cookie po zako\u0144czeniu sesji Urz\u0105dzenia.<\/p>\n<\/li>\n<\/ul>\n<h6 style=\"text-align:center\">\u00a7 3 Bezpiecze\u0144stwo<\/h6>\n<ul>\n<li>\n<p><strong>Mechanizmy sk\u0142adowania i odczytu<\/strong> &#8211; Mechanizmy sk\u0142adowania i odczytu Cookies nie pozwalaj\u0105 na pobierania jakichkolwiek danych osobowych ani \u017cadnych informacji poufnych z Urz\u0105dzenia U\u017cytkownika. Przeniesienie na Urz\u0105dzenie U\u017cytkownika wirus\u00f3w, koni troja\u0144skich oraz innych robak\u00f3w jest praktynie niemo\u017cliwe.<\/p>\n<\/li>\n<li>\n<p><strong>Cookie wewn\u0119trzne<\/strong> &#8211; zastosowane przez Administratora Cookie wewn\u0119trzne s\u0105 bezpieczne dla Urz\u0105dze\u0144 U\u017cytkownik\u00f3w<\/p>\n<\/li>\n<li>\n<p><strong>Cookie zewn\u0119trzne<\/strong> &#8211; za bezpiecze\u0144stwo plik\u00f3w Cookie pochodz\u0105cych od partner\u00f3w Serwisu Administrator nie ponosi odpowiedzialno\u015bci. Lista partner\u00f3w zamieszczona jest w dalszej cz\u0119\u015bci Polityki Cookie.<\/p>\n<\/li>\n<\/ul>\n<h6 style=\"text-align:center\">\u00a7 4 Cele do kt\u00f3rych wykorzystywane s\u0105 pliki Cookie<\/h6>\n<ul id=\"cele\">\n<li>\n<p><strong><span class=\"colored\">Usprawnienie i u\u0142atwienie dost\u0119pu do Serwisu<\/span><\/strong> &#8211; Administrator mo\u017ce przechowywa\u0107 w plikach Cookie informacje o prefernecjach i ustawieniach u\u017cytkownika dotycz\u0105cych Serwisu aby usprawni\u0107, polepszy\u0107 i przy\u015bpieszy\u0107 \u015bwiadczenie us\u0142ug w ramach Serwisu.<\/p>\n<\/li>\n<li>\n<p><strong><span class=\"colored\">Logowanie<\/span><\/strong> &#8211; Administrator wykorzystuje pliki Cookie do cel\u00f3w logowania U\u017cytkownik\u00f3w w Serwisie<\/p>\n<\/li>\n<li>\n<p><strong><span class=\"colored\">Dane statystyczne<\/span><\/strong> &#8211; Administrator <span id=\"sz4\" style=\"display:inline\">oraz Serwisy zewn\u0119trzne<\/span> wykorzystuje pliki Cookie do zbirania i przetwarzania danych statystycznych takich jak np. statystyki odwiedzin, statystyki Urz\u0105dze\u0144 U\u017cytkownik\u00f3w czy statystyki zachowa\u0144 u\u017cytkownik\u00f3w. Dane te zbierane s\u0105 w celu analizy i ulepszania Serwisu.<\/p>\n<\/li>\n<li>\n<p><strong><span class=\"colored\">Us\u0142ugi spo\u0142eczno\u015bciowe<\/span><\/strong> &#8211; Administrator <span id=\"sz7\" style=\"display:inline\">oraz Serwisy zewn\u0119trzne<\/span> wykorzystuj\u0105 pliki Cookie do wsparcia us\u0142ug spo\u0142eczno\u015bciowych<\/p>\n<\/li>\n<\/ul>\n<h6 style=\"text-align:center\">\u00a7 5 Serwisy zewn\u0119trzne<\/h6>\n<p id=\"zewinfo\"><span class=\"colored\">Administrator wsp\u00f3\u0142pracuje z nast\u0119puj\u0105cymi serwisami zewn\u0119trznymi, kt\u00f3re mog\u0105 zamieszcza\u0107 pliki Cookie na Urz\u0105dzeniach U\u017cytkownika:<\/span><\/p>\n<ul id=\"zewnetrzne\">\n<li>\n<p><strong><span class=\"colored\">Google Analytics<\/span><\/strong><\/p>\n<\/li>\n<li>\n<p><strong><span class=\"colored\">Facebook<\/span><\/strong><\/p>\n<\/li>\n<\/ul>\n<h6 style=\"text-align:center\">\u00a7 6 Mo\u017cliwo\u015bci okre\u015blania warunk\u00f3w przechowywania i uzyskiwania dost\u0119pu na Urz\u0105dzeniach U\u017cytkownika przez Serwis<span id=\"sz6\" style=\"display: inline;\"> i Serwisy zewn\u0119trzne<\/span><\/h6>\n<ul>\n<li>\n<p>U\u017cytkownik mo\u017ce w dowolnym momencie, samodzielnie zmieni\u0107 ustawienia dotycz\u0105ce zapisywania, usuwania oraz dost\u0119pu do danych zapisanych plik\u00f3w Cookies<\/p>\n<\/li>\n<li>\n<p>Informacje o sposobie wy\u0142\u0105czenia plik\u00f3w Cookie w najpopularniejszych przegl\u0105darkach komputerowych i urz\u0105dze\u0144 mobilnych dost\u0119pna s\u0105 na stronie: <a href=\"http:\/\/jakwylaczyccookie.pl\">jak wy\u0142\u0105czy\u0107 cookie<\/a>.<\/p>\n<\/li>\n<li>\n<p>U\u017cytkownik mo\u017ce w dowolnym momencie usun\u0105\u0107 wszelkie zapisane do tej pory pliki Cookie korzystaj\u0105c z narz\u0119dzi Urz\u0105dzenia U\u017cytkownika za po\u015brednictwem kt\u00f3rego U\u017cytkowanik korzysta z us\u0142ug Serwisu.<\/p>\n<\/li>\n<\/ul>\n<h6 style=\"text-align:center\">\u00a7 7 Wymagania Serwisu<\/h6>\n<ul>\n<li>\n<p>Ograniczenie zapisu i dost\u0119pu do plik\u00f3w Cookie na Urz\u0105dzeniu U\u017cytkownika mo\u017ce spowodowa\u0107 nieprawid\u0142owe dzia\u0142anie niekt\u00f3rych funkcji Serwisu.<\/p>\n<\/li>\n<li>\n<p>Administrator nie ponosi \u017cadnej odpowiedzialno\u015bci za nieprawid\u0142owo dzia\u0142aj\u0105ce funkcje Serwisu w przypadku gdy U\u017cytkownik ograniczy w jakikolwiek spos\u00f3b mo\u017cliwo\u015b\u0107 zapisywania i odczytu plik\u00f3w Cookie.<\/p>\n<\/li>\n<\/ul>\n<h6 style=\"text-align:center\">\u00a7 8 Zmiany w Polityce Cookie<\/h6>\n<ul>\n<li>\n<p>Administrator zastrzega sobie prawo do dowolnej zmiany niniejszej Polityki Cookie bez konieczno\u015bci informowania o tym u\u017cytkownik\u00f3w.<\/p>\n<\/li>\n<li>\n<p>Wprowadzone zmiany w Polityce Cookie zawsze b\u0119d\u0105 publikowane na tej stronie.<\/p>\n<\/li>\n<li>\n<p>Wprowadzone zmiany wchodz\u0105 w \u017cycie w dniu publikacji Polityki Cookie.<\/p>\n<\/li>\n<\/ul>\n","protected":false},"excerpt":{"rendered":"<p>Polityka Cookies Poni\u017csza Polityka Cookies okre\u015bla zasady zapisywania i uzyskiwania dost\u0119pu do danych na Urz\u0105dzeniach U\u017cytkownik\u00f3w korzystaj\u0105cych z Serwisu do cel\u00f3w \u015bwiadczenia us\u0142ug drog\u0105 elektroniczn\u0105 przez Administratora Serwisu. \u00a7 1 Definicje Serwis &#8211; serwis internetowy dzia\u0142aj\u0105cy pod adresem masaz-energiazycia.pl Serwis zewn\u0119trzny &#8211; serwis internetowe partner\u00f3w, us\u0142ugodawc\u00f3w lub us\u0142ugobiorc\u00f3w Administratora Administrator &#8211; firma GABINET MASA\u017bU Karolina [&hellip;]<\/p>\n","protected":false},"author":1,"featured_media":0,"parent":0,"menu_order":0,"comment_status":"closed","ping_status":"open","template":"","meta":{"_et_pb_use_builder":"","_et_pb_old_content":"","_et_gb_content_width":""},"_links":{"self":[{"href":"https:\/\/masaz-energiazycia.pl\/index.php\/wp-json\/wp\/v2\/pages\/3"}],"collection":[{"href":"https:\/\/masaz-energiazycia.pl\/index.php\/wp-json\/wp\/v2\/pages"}],"about":[{"href":"https:\/\/masaz-energiazycia.pl\/index.php\/wp-json\/wp\/v2\/types\/page"}],"author":[{"embeddable":true,"href":"https:\/\/masaz-energiazycia.pl\/index.php\/wp-json\/wp\/v2\/users\/1"}],"replies":[{"embeddable":true,"href":"https:\/\/masaz-energiazycia.pl\/index.php\/wp-json\/wp\/v2\/comments?post=3"}],"version-history":[{"count":1,"href":"https:\/\/masaz-energiazycia.pl\/index.php\/wp-json\/wp\/v2\/pages\/3\/revisions"}],"predecessor-version":[{"id":342,"href":"https:\/\/masaz-energiazycia.pl\/index.php\/wp-json\/wp\/v2\/pages\/3\/revisions\/342"}],"wp:attachment":[{"href":"https:\/\/masaz-energiazycia.pl\/index.php\/wp-json\/wp\/v2\/media?parent=3"}],"curies":[{"name":"wp","href":"https:\/\/api.w.org\/{rel}","templated":true}]}}